{"id":12126,"date":"2023-03-14T16:04:24","date_gmt":"2023-03-14T15:04:24","guid":{"rendered":"http:\/\/hotelschandl.at.w01daad5.kasserver.com\/die-freistadt-rust\/natur\/"},"modified":"2024-08-07T13:33:02","modified_gmt":"2024-08-07T11:33:02","slug":"nature","status":"publish","type":"page","link":"http:\/\/www.hotelschandl.at\/en\/freistadt-rust\/nature\/","title":{"rendered":"Nature"},"content":{"rendered":"\n<style type=\"text\/css\" data-created_by=\"avia_inline_auto\" id=\"style-css-av-18md6dxa-6b4fc95eddee53cb973f18341ae7938d\">\n.avia-section.av-18md6dxa-6b4fc95eddee53cb973f18341ae7938d{\nbackground-repeat:no-repeat;\nbackground-image:url(http:\/\/www.hotelschandl.at\/wp-content\/uploads\/2024\/08\/Vielfaeltiger-Lebensraum-c-Burgenland-Tourismus-GmbH-Birgit-Machtinger.webp);\nbackground-position:50% 50%;\nbackground-attachment:scroll;\n}\n.avia-section.av-18md6dxa-6b4fc95eddee53cb973f18341ae7938d .av-section-color-overlay{\nopacity:0.1;\nbackground-color:#000000;\n}\n<\/style>\n<div id='av_section_1'  class='avia-section av-18md6dxa-6b4fc95eddee53cb973f18341ae7938d main_color avia-section-default avia-no-border-styling  avia-builder-el-0  el_before_av_section  avia-builder-el-first  avia-full-stretch avia-bg-style-scroll av-section-color-overlay-active av-minimum-height av-minimum-height-75  container_wrap fullsize'  data-section-bg-repeat='stretch' data-av_minimum_height_pc='75'><div class=\"av-section-color-overlay-wrap\"><div class=\"av-section-color-overlay\"><\/div><div class='container av-section-cont-open' ><main  role=\"main\" itemprop=\"mainContentOfPage\"  class='template-page content  av-content-full alpha units'><div class='post-entry post-entry-type-page post-entry-12126'><div class='entry-content-wrapper clearfix'>\n<\/div><\/div><\/main><!-- close content main element --><\/div><\/div><\/div><div id='welcome'  class='avia-section av-18bqndr2-f0a37225746ac1597852277f368e3431 main_color avia-section-default avia-no-border-styling  avia-builder-el-1  el_after_av_section  el_before_av_layout_row  avia-bg-style-scroll container_wrap fullsize'  ><div class='container av-section-cont-open' ><div class='template-page content  av-content-full alpha units'><div class='post-entry post-entry-type-page post-entry-12126'><div class='entry-content-wrapper clearfix'>\n\n<style type=\"text\/css\" data-created_by=\"avia_inline_auto\" id=\"style-css-av-181b1072-24d04f5d437335ee6276b861ea4f1442\">\n.flex_column.av-181b1072-24d04f5d437335ee6276b861ea4f1442{\npadding:50px 50px 50px 50px;\n}\n<\/style>\n<div class='flex_column av-181b1072-24d04f5d437335ee6276b861ea4f1442 av_two_third  avia-builder-el-2  el_before_av_one_third  avia-builder-el-first  first flex_column_div '     ><p>\n<style type=\"text\/css\" data-created_by=\"avia_inline_auto\" id=\"style-css-av-17j4pmda-07077692667bc49a11602cf6e7195432\">\n#top .av-special-heading.av-17j4pmda-07077692667bc49a11602cf6e7195432{\npadding-bottom:10px;\n}\nbody .av-special-heading.av-17j4pmda-07077692667bc49a11602cf6e7195432 .av-special-heading-tag .heading-char{\nfont-size:25px;\n}\n.av-special-heading.av-17j4pmda-07077692667bc49a11602cf6e7195432 .av-subheading{\nfont-size:15px;\n}\n<\/style>\n<div  class='av-special-heading av-17j4pmda-07077692667bc49a11602cf6e7195432 av-special-heading-h1 blockquote modern-quote  avia-builder-el-3  el_before_av_heading  avia-builder-el-first '><h1 class='av-special-heading-tag'  itemprop=\"headline\"  >HOME OF MORE THAN 300 BIRD SPECIES<\/h1><div class=\"special-heading-border\"><div class=\"special-heading-inner-border\"><\/div><\/div><\/div><br \/>\n\n<style type=\"text\/css\" data-created_by=\"avia_inline_auto\" id=\"style-css-av-16tt0jq6-cf53d3a68201d7e0f531d25faa03eb69\">\n#top .av-special-heading.av-16tt0jq6-cf53d3a68201d7e0f531d25faa03eb69{\nmargin:0 0 0 0;\npadding-bottom:10px;\n}\nbody .av-special-heading.av-16tt0jq6-cf53d3a68201d7e0f531d25faa03eb69 .av-special-heading-tag .heading-char{\nfont-size:25px;\n}\n.av-special-heading.av-16tt0jq6-cf53d3a68201d7e0f531d25faa03eb69 .av-subheading{\nfont-size:15px;\n}\n<\/style>\n<div  class='av-special-heading av-16tt0jq6-cf53d3a68201d7e0f531d25faa03eb69 av-special-heading-h2 blockquote modern-quote  avia-builder-el-4  el_after_av_heading  el_before_av_textblock '><h2 class='av-special-heading-tag'  itemprop=\"headline\"  >LAKE NEUSIEDL AND THE SURROUNDING NATURE PARKS<\/h2><div class=\"special-heading-border\"><div class=\"special-heading-inner-border\"><\/div><\/div><\/div><br \/>\n<section  class='av_textblock_section av-16mqbb4u-0031cec6bdf3098962168ba70699e86e'  itemscope=\"itemscope\" itemtype=\"https:\/\/schema.org\/CreativeWork\" ><div class='avia_textblock'  itemprop=\"text\" ><p><span style=\"font-weight: 400;\">The natural landscape of the region around Lake Neusiedl is visible to the naked eye. However, it would be helpful to carry binoculars with you to get an even deeper view. More than 300 bird species live in the dense reed belt around the 320 km\u00b2 big Lake Neusiedl, where they are protected against wind and other weather conditions, in the cross-border national park Neusiedler See-Seewinkel in the Southeast, the nature park Neusiedler See-Leithagebirge in the West, the Ruster H\u00fcgelland and in the Leithaauen. They can be studied on guided tours, hikes or canoe trips. <\/span><\/p>\n<\/div><\/section><\/p><\/div><div class='flex_column av-15uwrxb2-f2e423f9571e73562a958c34dfa057c4 av_one_third  avia-builder-el-6  el_after_av_two_third  avia-builder-el-last  symbole flex_column_div '     ><section  class='av_textblock_section av-15sor9lq-144b6ec0859c6ca3b5e6bbcea0cc8cc2'  itemscope=\"itemscope\" itemtype=\"https:\/\/schema.org\/CreativeWork\" ><div class='avia_textblock'  itemprop=\"text\" ><p style=\"text-align: center;\"><strong>Experience nature up close<br \/>\n<\/strong><\/p>\n<\/div><\/section><br \/>\n\n<style type=\"text\/css\" data-created_by=\"avia_inline_auto\" id=\"style-css-av-15552ahq-8e27af565e48da5ed2c53fa1544b74ab\">\n.av_font_icon.av-15552ahq-8e27af565e48da5ed2c53fa1544b74ab .av-icon-char{\nfont-size:40px;\nline-height:40px;\nwidth:40px;\n}\n<\/style>\n<span  class='av_font_icon av-15552ahq-8e27af565e48da5ed2c53fa1544b74ab avia_animate_when_visible av-icon-style-border avia-icon-pos-left col_symbol av-no-color avia-icon-animate'><span class='av-icon-char' aria-hidden='true' data-av_icon='\ue8c8' data-av_iconfont='entypo-fontello' ><\/span><span class='av_icon_caption av-special-font'>Helpful: binoculars<\/span><\/span><br \/>\n\n<style type=\"text\/css\" data-created_by=\"avia_inline_auto\" id=\"style-css-av-14rx28ce-f760d70239edc10cf02226d74153e58a\">\n.av_font_icon.av-14rx28ce-f760d70239edc10cf02226d74153e58a .av-icon-char{\nfont-size:40px;\nline-height:40px;\nwidth:40px;\n}\n<\/style>\n<span  class='av_font_icon av-14rx28ce-f760d70239edc10cf02226d74153e58a avia_animate_when_visible av-icon-style-border avia-icon-pos-left col_symbol av-no-color avia-icon-animate'><span class='av-icon-char' aria-hidden='true' data-av_icon='\uf109' data-av_iconfont='flaticon_schandl_icon_collection' ><\/span><span class='av_icon_caption av-special-font'> More than 300 bird species<\/span><\/span><br \/>\n\n<style type=\"text\/css\" data-created_by=\"avia_inline_auto\" id=\"style-css-av-1458bsou-2c8dcb52f396622fffd9c8f9137073f4\">\n.av_font_icon.av-1458bsou-2c8dcb52f396622fffd9c8f9137073f4 .av-icon-char{\nfont-size:40px;\nline-height:40px;\nwidth:40px;\n}\n<\/style>\n<span  class='av_font_icon av-1458bsou-2c8dcb52f396622fffd9c8f9137073f4 avia_animate_when_visible av-icon-style-border avia-icon-pos-left col_symbol av-no-color avia-icon-animate'><span class='av-icon-char' aria-hidden='true' data-av_icon='\uf10b' data-av_iconfont='flaticon_schandl_icon_collection' ><\/span><span class='av_icon_caption av-special-font'>Lake Neusiedl: 320 km\u00b2<\/span><\/span><br \/>\n\n<style type=\"text\/css\" data-created_by=\"avia_inline_auto\" id=\"style-css-av-13pbr87y-f6b03587211204ff5777254cba5c5155\">\n.av_font_icon.av-13pbr87y-f6b03587211204ff5777254cba5c5155 .av-icon-char{\nfont-size:40px;\nline-height:40px;\nwidth:40px;\n}\n<\/style>\n<span  class='av_font_icon av-13pbr87y-f6b03587211204ff5777254cba5c5155 avia_animate_when_visible av-icon-style-border avia-icon-pos-left col_symbol av-no-color avia-icon-animate'><span class='av-icon-char' aria-hidden='true' data-av_icon='\uf10a' data-av_iconfont='flaticon_schandl_icon_collection' ><\/span><span class='av_icon_caption av-special-font'>Pure nature<\/span><\/span><\/p><\/div>\n\n<\/div><\/div><\/div><!-- close content main div --><\/div><\/div><div id='kulinarik'  class='av-layout-grid-container av-2fyg0ou-3a7a7fa76ea9117e38a5cd89be4df658 entry-content-wrapper main_color av-flex-cells  avia-builder-el-12  el_after_av_section  avia-builder-el-last  hover_white grid-row-not-first  container_wrap fullsize'  >\n\n<style type=\"text\/css\" data-created_by=\"avia_inline_auto\" id=\"style-css-av-29ugcny-b3bb16b8ee06f8102964fe8be732c14b\">\n.flex_cell.av-29ugcny-b3bb16b8ee06f8102964fe8be732c14b{\nvertical-align:top;\n}\n.responsive #top #wrap_all .flex_cell.av-29ugcny-b3bb16b8ee06f8102964fe8be732c14b{\npadding:0px 0px 50px 0px !important;\n}\n<\/style>\n<div class='flex_cell av-29ugcny-b3bb16b8ee06f8102964fe8be732c14b av-gridrow-cell av_two_third no_margin  avia-builder-el-13  el_before_av_cell_one_third  avia-builder-el-first  left' ><div class='flex_cell_inner'><div class='flex_column_table av-1fvgh1a-43359eea5cd0dde5922b60816d290037 sc-av_one_full av-equal-height-column-flextable'>\n<style type=\"text\/css\" data-created_by=\"avia_inline_auto\" id=\"style-css-av-1fvgh1a-43359eea5cd0dde5922b60816d290037\">\n.flex_column.av-1fvgh1a-43359eea5cd0dde5922b60816d290037{\nbackground:url(http:\/\/www.hotelschandl.at\/wp-content\/uploads\/2024\/08\/00000000467-Abendstimmung-am-Neusiedler-See-c-Burgenland-Tourismus-GmbH-Stills-Emotions-1.webp) 0% 50% no-repeat scroll ;\n}\n<\/style>\n<div class='flex_column av-1fvgh1a-43359eea5cd0dde5922b60816d290037 av_one_full  avia-builder-el-14  avia-builder-el-no-sibling  col_left_big first flex_column_table_cell av-equal-height-column av-align-bottom '     ><section  class='av_textblock_section av-lgy27xdb-d82318f0b8345c3787a26537ccacfa1e'  itemscope=\"itemscope\" itemtype=\"https:\/\/schema.org\/CreativeWork\" ><div class='avia_textblock view_link'  itemprop=\"text\" ><div class=\"headline\">CROSS-BORDER NATURAL LANDSCAPE<\/div>\n<p>The cross-border national park Neusiedler See-Seewinkel was founded in 1993. It has a surface of approximately 300 km2, about 100 km2 are located in Austria, the rest is located in Hungary. Due to its location at the eastern edge of the alps and the western edge of the smaller Hungarian lowlands, there are alpine, Pannonian, Asian, Mediterranean and Nordic plant and animal species. Different wetlands, grazing areas, grasslands, dry grasslands, sand steppes and salt sites are side by side like a mosaic.<\/p>\n<\/div><\/section><\/div><\/div><!--close column table wrapper. Autoclose: 1 -->\n<\/div><\/div>\n<style type=\"text\/css\" data-created_by=\"avia_inline_auto\" id=\"style-css-av-184iw4e-9838336c4caf0e2fd912b454b2739445\">\n.flex_cell.av-184iw4e-9838336c4caf0e2fd912b454b2739445{\nvertical-align:top;\n}\n.responsive #top #wrap_all .flex_cell.av-184iw4e-9838336c4caf0e2fd912b454b2739445{\npadding:0px 0px 0px 0px !important;\n}\n<\/style>\n<div class='flex_cell av-184iw4e-9838336c4caf0e2fd912b454b2739445 av-gridrow-cell av_one_third no_margin  avia-builder-el-16  el_after_av_cell_two_third  avia-builder-el-last  right av-zero-padding' ><div class='flex_cell_inner'><div class='flex_column_table av-uelony-dec578d79ec7dcf7270215ff439777bf sc-av_one_full av-equal-height-column-flextable'>\n<style type=\"text\/css\" data-created_by=\"avia_inline_auto\" id=\"style-css-av-uelony-dec578d79ec7dcf7270215ff439777bf\">\n.flex_column.av-uelony-dec578d79ec7dcf7270215ff439777bf{\nbackground:url(http:\/\/www.hotelschandl.at\/wp-content\/uploads\/2024\/08\/Hotel-Schandl-Rust-Neusiedlersee.webp) 50% 50% no-repeat scroll ;\n}\n<\/style>\n<div class='flex_column av-uelony-dec578d79ec7dcf7270215ff439777bf av_one_full  avia-builder-el-17  avia-builder-el-no-sibling  col_right_upright box_left box_test first flex_column_table_cell av-equal-height-column av-align-bottom '     ><section  class='av_textblock_section av-lgy28lw1-41091cf29ffa5ff7dea5bc45412c8553'  itemscope=\"itemscope\" itemtype=\"https:\/\/schema.org\/CreativeWork\" ><div class='avia_textblock view_link'  itemprop=\"text\" ><div class=\"headline\"><i><span style=\"font-weight: 400;\">NATURAL LANDSCAPE AROUND THE FREISTADT RUST<\/span><\/i><\/div>\n<p><span style=\"font-weight: 400;\">he hillside Ruster H\u00fcgelland is a small mountain range that runs parallel to Lake Neusiedl. It is about 12 km long from Sch\u00fctzen am Gebirge to the North via M\u00f6rbisch am See to the Hungarian territory in Fert\u00f6rak\u00f3s (Kroisbach). The core of this mountain range consists of crystalline primary rock coated by limestone, sand-lime brick and fluviatile sediments. There are only a few spots where the bedrock is seen on the surface.<\/span><\/p>\n<\/div><\/section><\/div><\/div><!--close column table wrapper. Autoclose: 1 -->\n<\/div><\/div><\/div>\n","protected":false},"excerpt":{"rendered":"","protected":false},"author":18,"featured_media":13809,"parent":12122,"menu_order":0,"comment_status":"closed","ping_status":"closed","template":"","meta":{"_acf_changed":false,"footnotes":""},"class_list":["post-12126","page","type-page","status-publish","has-post-thumbnail","hentry"],"acf":[],"yoast_head":"<!-- This site is optimized with the Yoast SEO plugin v27.5 - https:\/\/yoast.com\/product\/yoast-seo-wordpress\/ -->\n<title>Lake Neusiedl National Park | HOTEL SCHANDL ***S<\/title>\n<meta name=\"description\" content=\"Lake Neusiedl &amp; surrounding nature parks are home to over 300 bird species &amp; offer opportunities for excursions. \u27a4 Book now &amp; enjoy\" \/>\n<meta name=\"robots\" content=\"index, follow, max-snippet:-1, max-image-preview:large, max-video-preview:-1\" \/>\n<link rel=\"canonical\" href=\"http:\/\/www.hotelschandl.at\/en\/freistadt-rust\/nature\/\" \/>\n<meta property=\"og:locale\" content=\"en_US\" \/>\n<meta property=\"og:type\" content=\"article\" \/>\n<meta property=\"og:title\" content=\"Nationalpark Neusiedler See | HOTEL SCHANDL ***S\" \/>\n<meta property=\"og:description\" content=\"Der Neusiedler See &amp; umliegende Naturparks sind Heimat von \u00fcber 300 Vogelarten &amp; bietet M\u00f6glichkeiten f\u00fcr Ausfl\u00fcge. \u27a4 Jetzt buchen &amp; genie\u00dfen\" \/>\n<meta property=\"og:url\" content=\"http:\/\/www.hotelschandl.at\/en\/freistadt-rust\/nature\/\" \/>\n<meta property=\"og:site_name\" content=\"hotelschandl.at\" \/>\n<meta property=\"article:modified_time\" content=\"2024-08-07T11:33:02+00:00\" \/>\n<meta property=\"og:image\" content=\"http:\/\/www.hotelschandl.at\/wp-content\/uploads\/2023\/03\/Hotel-Schandl_HQ_Birgit-Machtinger-154.jpg\" \/>\n\t<meta property=\"og:image:width\" content=\"1200\" \/>\n\t<meta property=\"og:image:height\" content=\"900\" \/>\n\t<meta property=\"og:image:type\" content=\"image\/jpeg\" \/>\n<meta name=\"twitter:card\" content=\"summary_large_image\" \/>\n<meta name=\"twitter:title\" content=\"Nationalpark Neusiedler See | HOTEL SCHANDL ***S\" \/>\n<meta name=\"twitter:description\" content=\"Der Neusiedler See &amp; umliegende Naturparks sind Heimat von \u00fcber 300 Vogelarten &amp; bietet M\u00f6glichkeiten f\u00fcr Ausfl\u00fcge. \u27a4 Jetzt buchen &amp; genie\u00dfen\" \/>\n<meta name=\"twitter:image\" content=\"http:\/\/www.hotelschandl.at\/wp-content\/uploads\/2023\/03\/Hotel-Schandl_HQ_Birgit-Machtinger-154.jpg\" \/>\n<meta name=\"twitter:label1\" content=\"Est. reading time\" \/>\n\t<meta name=\"twitter:data1\" content=\"2 minutes\" \/>\n<script type=\"application\/ld+json\" class=\"yoast-schema-graph\">{\"@context\":\"https:\\\/\\\/schema.org\",\"@graph\":[{\"@type\":\"WebPage\",\"@id\":\"http:\\\/\\\/www.hotelschandl.at\\\/en\\\/freistadt-rust\\\/nature\\\/\",\"url\":\"http:\\\/\\\/www.hotelschandl.at\\\/en\\\/freistadt-rust\\\/nature\\\/\",\"name\":\"Lake Neusiedl National Park | HOTEL SCHANDL ***S\",\"isPartOf\":{\"@id\":\"\\\/#website\"},\"primaryImageOfPage\":{\"@id\":\"http:\\\/\\\/www.hotelschandl.at\\\/en\\\/freistadt-rust\\\/nature\\\/#primaryimage\"},\"image\":{\"@id\":\"http:\\\/\\\/www.hotelschandl.at\\\/en\\\/freistadt-rust\\\/nature\\\/#primaryimage\"},\"thumbnailUrl\":\"http:\\\/\\\/www.hotelschandl.at\\\/wp-content\\\/uploads\\\/2024\\\/08\\\/Sitzbank-beim-Radweg-c-Burgenland-Tourismus-GmbH-Christina-Neubauer.webp\",\"datePublished\":\"2023-03-14T15:04:24+00:00\",\"dateModified\":\"2024-08-07T11:33:02+00:00\",\"description\":\"Lake Neusiedl & surrounding nature parks are home to over 300 bird species & offer opportunities for excursions. \u27a4 Book now & enjoy\",\"breadcrumb\":{\"@id\":\"http:\\\/\\\/www.hotelschandl.at\\\/en\\\/freistadt-rust\\\/nature\\\/#breadcrumb\"},\"inLanguage\":\"en-US\",\"potentialAction\":[{\"@type\":\"ReadAction\",\"target\":[\"http:\\\/\\\/www.hotelschandl.at\\\/en\\\/freistadt-rust\\\/nature\\\/\"]}]},{\"@type\":\"ImageObject\",\"inLanguage\":\"en-US\",\"@id\":\"http:\\\/\\\/www.hotelschandl.at\\\/en\\\/freistadt-rust\\\/nature\\\/#primaryimage\",\"url\":\"http:\\\/\\\/www.hotelschandl.at\\\/wp-content\\\/uploads\\\/2024\\\/08\\\/Sitzbank-beim-Radweg-c-Burgenland-Tourismus-GmbH-Christina-Neubauer.webp\",\"contentUrl\":\"http:\\\/\\\/www.hotelschandl.at\\\/wp-content\\\/uploads\\\/2024\\\/08\\\/Sitzbank-beim-Radweg-c-Burgenland-Tourismus-GmbH-Christina-Neubauer.webp\",\"width\":1200,\"height\":800},{\"@type\":\"BreadcrumbList\",\"@id\":\"http:\\\/\\\/www.hotelschandl.at\\\/en\\\/freistadt-rust\\\/nature\\\/#breadcrumb\",\"itemListElement\":[{\"@type\":\"ListItem\",\"position\":1,\"name\":\"Startseite\",\"item\":\"http:\\\/\\\/www.hotelschandl.at\\\/en\\\/\"},{\"@type\":\"ListItem\",\"position\":2,\"name\":\"Freistadt Rust\",\"item\":\"https:\\\/\\\/www.hotelschandl.at\\\/en\\\/freistadt-rust\\\/\"},{\"@type\":\"ListItem\",\"position\":3,\"name\":\"Nature\"}]},{\"@type\":\"WebSite\",\"@id\":\"\\\/#website\",\"url\":\"\\\/\",\"name\":\"hotelschandl.at\",\"description\":\"\",\"potentialAction\":[{\"@type\":\"SearchAction\",\"target\":{\"@type\":\"EntryPoint\",\"urlTemplate\":\"\\\/?s={search_term_string}\"},\"query-input\":{\"@type\":\"PropertyValueSpecification\",\"valueRequired\":true,\"valueName\":\"search_term_string\"}}],\"inLanguage\":\"en-US\"}]}<\/script>\n<!-- \/ Yoast SEO plugin. -->","yoast_head_json":{"title":"Lake Neusiedl National Park | HOTEL SCHANDL ***S","description":"Lake Neusiedl & surrounding nature parks are home to over 300 bird species & offer opportunities for excursions. \u27a4 Book now & enjoy","robots":{"index":"index","follow":"follow","max-snippet":"max-snippet:-1","max-image-preview":"max-image-preview:large","max-video-preview":"max-video-preview:-1"},"canonical":"http:\/\/www.hotelschandl.at\/en\/freistadt-rust\/nature\/","og_locale":"en_US","og_type":"article","og_title":"Nationalpark Neusiedler See | HOTEL SCHANDL ***S","og_description":"Der Neusiedler See & umliegende Naturparks sind Heimat von \u00fcber 300 Vogelarten & bietet M\u00f6glichkeiten f\u00fcr Ausfl\u00fcge. \u27a4 Jetzt buchen & genie\u00dfen","og_url":"http:\/\/www.hotelschandl.at\/en\/freistadt-rust\/nature\/","og_site_name":"hotelschandl.at","article_modified_time":"2024-08-07T11:33:02+00:00","og_image":[{"width":1200,"height":900,"url":"http:\/\/www.hotelschandl.at\/wp-content\/uploads\/2023\/03\/Hotel-Schandl_HQ_Birgit-Machtinger-154.jpg","type":"image\/jpeg"}],"twitter_card":"summary_large_image","twitter_title":"Nationalpark Neusiedler See | HOTEL SCHANDL ***S","twitter_description":"Der Neusiedler See & umliegende Naturparks sind Heimat von \u00fcber 300 Vogelarten & bietet M\u00f6glichkeiten f\u00fcr Ausfl\u00fcge. \u27a4 Jetzt buchen & genie\u00dfen","twitter_image":"http:\/\/www.hotelschandl.at\/wp-content\/uploads\/2023\/03\/Hotel-Schandl_HQ_Birgit-Machtinger-154.jpg","twitter_misc":{"Est. reading time":"2 minutes"},"schema":{"@context":"https:\/\/schema.org","@graph":[{"@type":"WebPage","@id":"http:\/\/www.hotelschandl.at\/en\/freistadt-rust\/nature\/","url":"http:\/\/www.hotelschandl.at\/en\/freistadt-rust\/nature\/","name":"Lake Neusiedl National Park | HOTEL SCHANDL ***S","isPartOf":{"@id":"\/#website"},"primaryImageOfPage":{"@id":"http:\/\/www.hotelschandl.at\/en\/freistadt-rust\/nature\/#primaryimage"},"image":{"@id":"http:\/\/www.hotelschandl.at\/en\/freistadt-rust\/nature\/#primaryimage"},"thumbnailUrl":"http:\/\/www.hotelschandl.at\/wp-content\/uploads\/2024\/08\/Sitzbank-beim-Radweg-c-Burgenland-Tourismus-GmbH-Christina-Neubauer.webp","datePublished":"2023-03-14T15:04:24+00:00","dateModified":"2024-08-07T11:33:02+00:00","description":"Lake Neusiedl & surrounding nature parks are home to over 300 bird species & offer opportunities for excursions. \u27a4 Book now & enjoy","breadcrumb":{"@id":"http:\/\/www.hotelschandl.at\/en\/freistadt-rust\/nature\/#breadcrumb"},"inLanguage":"en-US","potentialAction":[{"@type":"ReadAction","target":["http:\/\/www.hotelschandl.at\/en\/freistadt-rust\/nature\/"]}]},{"@type":"ImageObject","inLanguage":"en-US","@id":"http:\/\/www.hotelschandl.at\/en\/freistadt-rust\/nature\/#primaryimage","url":"http:\/\/www.hotelschandl.at\/wp-content\/uploads\/2024\/08\/Sitzbank-beim-Radweg-c-Burgenland-Tourismus-GmbH-Christina-Neubauer.webp","contentUrl":"http:\/\/www.hotelschandl.at\/wp-content\/uploads\/2024\/08\/Sitzbank-beim-Radweg-c-Burgenland-Tourismus-GmbH-Christina-Neubauer.webp","width":1200,"height":800},{"@type":"BreadcrumbList","@id":"http:\/\/www.hotelschandl.at\/en\/freistadt-rust\/nature\/#breadcrumb","itemListElement":[{"@type":"ListItem","position":1,"name":"Startseite","item":"http:\/\/www.hotelschandl.at\/en\/"},{"@type":"ListItem","position":2,"name":"Freistadt Rust","item":"https:\/\/www.hotelschandl.at\/en\/freistadt-rust\/"},{"@type":"ListItem","position":3,"name":"Nature"}]},{"@type":"WebSite","@id":"\/#website","url":"\/","name":"hotelschandl.at","description":"","potentialAction":[{"@type":"SearchAction","target":{"@type":"EntryPoint","urlTemplate":"\/?s={search_term_string}"},"query-input":{"@type":"PropertyValueSpecification","valueRequired":true,"valueName":"search_term_string"}}],"inLanguage":"en-US"}]}},"_links":{"self":[{"href":"http:\/\/www.hotelschandl.at\/en\/wp-json\/wp\/v2\/pages\/12126","targetHints":{"allow":["GET"]}}],"collection":[{"href":"http:\/\/www.hotelschandl.at\/en\/wp-json\/wp\/v2\/pages"}],"about":[{"href":"http:\/\/www.hotelschandl.at\/en\/wp-json\/wp\/v2\/types\/page"}],"author":[{"embeddable":true,"href":"http:\/\/www.hotelschandl.at\/en\/wp-json\/wp\/v2\/users\/18"}],"replies":[{"embeddable":true,"href":"http:\/\/www.hotelschandl.at\/en\/wp-json\/wp\/v2\/comments?post=12126"}],"version-history":[{"count":4,"href":"http:\/\/www.hotelschandl.at\/en\/wp-json\/wp\/v2\/pages\/12126\/revisions"}],"predecessor-version":[{"id":13816,"href":"http:\/\/www.hotelschandl.at\/en\/wp-json\/wp\/v2\/pages\/12126\/revisions\/13816"}],"up":[{"embeddable":true,"href":"http:\/\/www.hotelschandl.at\/en\/wp-json\/wp\/v2\/pages\/12122"}],"wp:featuredmedia":[{"embeddable":true,"href":"http:\/\/www.hotelschandl.at\/en\/wp-json\/wp\/v2\/media\/13809"}],"wp:attachment":[{"href":"http:\/\/www.hotelschandl.at\/en\/wp-json\/wp\/v2\/media?parent=12126"}],"curies":[{"name":"wp","href":"https:\/\/api.w.org\/{rel}","templated":true}]}}