{"id":12295,"date":"2021-09-17T13:48:25","date_gmt":"2021-09-17T11:48:25","guid":{"rendered":"http:\/\/hotelschandl.at.w01daad5.kasserver.com\/impressum\/"},"modified":"2024-08-02T18:02:21","modified_gmt":"2024-08-02T16:02:21","slug":"imprint","status":"publish","type":"page","link":"https:\/\/www.hotelschandl.at\/en\/imprint\/","title":{"rendered":"Imprint"},"content":{"rendered":"<div id='av_section_1'  class='avia-section av-5zyyz6-634748defb6208a53e0ffe09baa9c781 main_color avia-section-default avia-no-border-styling  avia-builder-el-0  avia-builder-el-no-sibling  avia-bg-style-scroll container_wrap fullsize'  ><div class='container av-section-cont-open' ><main  role=\"main\" itemprop=\"mainContentOfPage\"  class='template-page content  av-content-full alpha units'><div class='post-entry post-entry-type-page post-entry-12295'><div class='entry-content-wrapper clearfix'>\n\n<style type=\"text\/css\" data-created_by=\"avia_inline_auto\" id=\"style-css-av-1if5u-81efefb8a0ed8ba7ac8b99187ae193a4\">\n#top .av-special-heading.av-1if5u-81efefb8a0ed8ba7ac8b99187ae193a4{\npadding-bottom:10px;\n}\nbody .av-special-heading.av-1if5u-81efefb8a0ed8ba7ac8b99187ae193a4 .av-special-heading-tag .heading-char{\nfont-size:25px;\n}\n.av-special-heading.av-1if5u-81efefb8a0ed8ba7ac8b99187ae193a4 .av-subheading{\nfont-size:15px;\n}\n<\/style>\n<div  class='av-special-heading av-1if5u-81efefb8a0ed8ba7ac8b99187ae193a4 av-special-heading-h1 blockquote modern-quote  avia-builder-el-1  el_before_av_textblock  avia-builder-el-first '><h1 class='av-special-heading-tag'  itemprop=\"headline\"  >Imprint<\/h1><div class=\"special-heading-border\"><div class=\"special-heading-inner-border\"><\/div><\/div><\/div>\n<section  class='av_textblock_section av-2ki3jm-e62e87d1a471fc3a35bba6efe207f98d'  itemscope=\"itemscope\" itemtype=\"https:\/\/schema.org\/CreativeWork\" ><div class='avia_textblock'  itemprop=\"text\" ><p><strong>As a service for guests on our website we present basic information in English. The imprint listed in German below is legally binding.<\/strong><\/p>\n<h2><strong>Legal information and contact details<\/strong><\/h2>\n<h2><strong>Firmenwortlaut <br class=\"avia-permanent-lb\" \/><\/strong><\/h2>\n<p><span style=\"font-weight: 400;\">Schandl &amp; Grasits Hotel Gastro GmbH<\/span><\/p>\n<h2><strong>UID-Nummer <br class=\"avia-permanent-lb\" \/><\/strong><\/h2>\n<p><span style=\"font-weight: 400;\">ATU66652115<\/span><\/p>\n<h2><strong>Firmenbuchnummer <br class=\"avia-permanent-lb\" \/><\/strong><\/h2>\n<p><span style=\"font-weight: 400;\">FN 367442 g<\/span><\/p>\n<h2><strong>Firmenbuchgericht <br class=\"avia-permanent-lb\" \/><\/strong><\/h2>\n<p><span style=\"font-weight: 400;\">Landesgericht Eisenstadt<\/span><\/p>\n<h2><strong>Firmensitz <br class=\"avia-permanent-lb\" \/><\/strong><\/h2>\n<p><span style=\"font-weight: 400;\">7071 Rust, Rathausplatz 7<\/span><\/p>\n<h2><strong>Kontaktdaten <br class=\"avia-permanent-lb\" \/><\/strong><\/h2>\n<p><span style=\"font-weight: 400;\">+43 2685 6202, <\/span><a href=\"mailto:info@hotelschandl.at\"><span style=\"font-weight: 400;\">info@hotelschandl.at<\/span><\/a><\/p>\n<p><span style=\"font-weight: 400;\">Der Inhalt dieser Website ist urheberrechtlich gesch\u00fctzt. Alle Rechte vorbehalten. Die Verwendung s\u00e4mtlicher Inhalte &#8211; auch auszugsweise &#8211; ist ohne schriftlicher ausdr\u00fccklicher Genehmigung der Schandl &amp; Grasits Hotel Gastro GmbH nicht gestattet. Wir haben um die Lesbarkeit zu erleichtern auf geschlechtsbezogene Formulierungen verzichtet, nat\u00fcrlich sind immer alle Geschlechter gemeint, auch wenn nur eines der Geschlechter angesprochen wird!<\/span><\/p>\n<h2><strong>Haftungsausschluss <br class=\"avia-permanent-lb\" \/><\/strong><\/h2>\n<p><span style=\"font-weight: 400;\">Die Informationen und Inhalte dieser Website wurden sorgf\u00e4ltig zusammengestellt, die Schandl &amp; Grasits Hotel Gastro GmbH kann aber f\u00fcr die Richtigkeit, Vollst\u00e4ndigkeit oder Aktualit\u00e4t der auf Ihrer Website enthaltenen Daten keine Haftung \u00fcbernehmen. Alle zur Verf\u00fcgung gestellten Inhalte k\u00f6nnen vom Benutzer nur auf eigenes Risiko verwendet werden. Die Inhalte unterliegen \u00f6sterreichischem Recht. An allen Inhalten Ihrer Website besitzt die Schandl &amp; Grasits Hotel Gastro GmbH oder der jeweils angegebene Partner oder Hersteller das Urheberrecht und sonstige Schutzrechte. Die Schandl &amp; Grasits Hotel Gastro GmbH beh\u00e4lt sich das Recht vor, bestimmte Inhalte jederzeit zu \u00e4ndern, zu l\u00f6schen oder komplett abzuschalten. Wenn Links aktiviert werden, ist es m\u00f6glich, dass die Website der Schandl &amp; Grasits Hotel Gastro GmbH verlassen wird. Diese hat die Inhalte der verlinkten Website nicht gepr\u00fcft und kann daher f\u00fcr deren Inhalt, die darin angebotenen Produkte und Dienstleistungen, keine wie immer geartete Haftung und \/ oder Schadenersatzanspr\u00fcche \u00fcbernehmen.<\/span><\/p>\n<h2><strong>Fotorechte und Verwendung <br class=\"avia-permanent-lb\" \/><\/strong><\/h2>\n<p><span style=\"font-weight: 400;\">Alle verwendeten Bilder sind urheberrechtlich gesch\u00fctzt und d\u00fcrfen nicht verwendet werden!<\/span><\/p>\n<h2><strong>Bildrechte <br class=\"avia-permanent-lb\" \/><\/strong><\/h2>\n<p>Birgit Machtinger Fotografie, <a href=\"https:\/\/www.birgitmachtinger.at\/\">https:\/\/www.birgitmachtinger.at\/<\/a><\/p>\n<h2><strong>Fotocredits<\/strong><\/h2>\n<p>Heurigenkultur-im-Burgenland_(c)-Burgenland-Tourismus-GmbH_Birgit-Machtinger<\/p>\n<p>Besuch-am-Adventmarkt_(c)-Burgenland-Tourismus-GmbH_Birgit-Machtinger<\/p>\n<p>Historische-Ruster-Altstadt_(c)-Burgenland-Tourismus-GmbH_Guenther-Ippisch<\/p>\n<p>Land-der-Sonnenuntergaenge_(c)-Burgenland-Tourismus-GmbH_Birgit-Machtinger<\/p>\n<p>Entlang-des-Kirschbluetenradwegs_(c)-Burgenland-Tourismus-GmbH_Peter-Podpera<\/p>\n<p>Herbstliches-Radvergnuegen_(c)-Burgenland-Tourismus-GmbH_Thomas-Schmid<\/p>\n<p>Leopoldinentempel-im-Schlosspark_(c)-Burgenland-Tourismus-GmbH_Birgit-Machtinger<\/p>\n<p>Zu-Besuch-im-Buschenschank_(c)-Burgenland-Tourismus-GmbH_Birgit-Machtinger<\/p>\n<p>Prachtvoller-Spaetsommer_(c)-Burgenland-Tourismus-GmbH_Birgit-Machtinger<\/p>\n<p><span style=\"font-weight: 400;\">Schandl &amp; Grasits Hotel Gastro GmbH \/ Birgit Machtinger,<\/span><a href=\"https:\/\/www.birgitmachtinger.at\/\"> <span style=\"font-weight: 400;\">https:\/\/www.birgitmachtinger.at\/<\/span><\/a><\/p>\n<p><strong>Allgemeine Gesch\u00e4ftsbedingungen f\u00fcr die Hotellerie 2006 (ABGH 2006) <br class=\"avia-permanent-lb\" \/><\/strong><a href=\"https:\/\/www.hotelschandl.at\/wp-content\/uploads\/2019\/06\/Oe-AGBH-deutsch.pdf\"><span style=\"font-weight: 400;\">https:\/\/www.hotelschandl.at\/wp-content\/uploads\/2019\/06\/Oe-AGBH-deutsch.pdf<\/span><\/a><\/p>\n<p><strong>Informationen zur Online-Streitbeilegung gem\u00e4\u00df Art. 14. Abs. 1 ODR-VO<\/strong><span style=\"font-weight: 400;\"><br \/>\n<\/span><span style=\"font-weight: 400;\">Die EU-Kommission bietet die M\u00f6glichkeit zur Online-Streitbeilegung auf einer von ihr betriebene Plattform. Die OS-Plattform ist unter <\/span><a href=\"https:\/\/ec.europa.eu\/consumers\/odr\/main\/?event=main.home.howitworks\"><span style=\"font-weight: 400;\">https:\/\/ec.europa.eu\/consumers\/odr\/main\/?event=main.home.howitworks<\/span><\/a><span style=\"font-weight: 400;\"> erreichbar!<\/span><\/p>\n<\/div><\/section>\n\n","protected":false},"excerpt":{"rendered":"","protected":false},"author":18,"featured_media":12704,"parent":0,"menu_order":0,"comment_status":"closed","ping_status":"closed","template":"","meta":{"_acf_changed":false,"footnotes":""},"class_list":["post-12295","page","type-page","status-publish","has-post-thumbnail","hentry"],"acf":[],"yoast_head":"<!-- This site is optimized with the Yoast SEO plugin v27.5 - https:\/\/yoast.com\/product\/yoast-seo-wordpress\/ -->\n<title>Imprint | HOTEL SCHANDL ***S<\/title>\n<meta name=\"description\" content=\"The imprint &amp; contact details for the HOTEL SCHANDL ***S in Rust in Burgenland \u27a4 Book directly online now!\" \/>\n<meta name=\"robots\" content=\"index, follow, max-snippet:-1, max-image-preview:large, max-video-preview:-1\" \/>\n<link rel=\"canonical\" href=\"https:\/\/www.hotelschandl.at\/en\/imprint\/\" \/>\n<meta property=\"og:locale\" content=\"en_US\" \/>\n<meta property=\"og:type\" content=\"article\" \/>\n<meta property=\"og:title\" content=\"Impressum | HOTEL SCHANDL ***S\" \/>\n<meta property=\"og:description\" content=\"The imprint &amp; contact details for the HOTEL SCHANDL ***S in Rust in Burgenland \u27a4 Book directly online now!\" \/>\n<meta property=\"og:url\" content=\"https:\/\/www.hotelschandl.at\/en\/imprint\/\" \/>\n<meta property=\"og:site_name\" content=\"hotelschandl.at\" \/>\n<meta property=\"article:modified_time\" content=\"2024-08-02T16:02:21+00:00\" \/>\n<meta property=\"og:image\" content=\"http:\/\/www.hotelschandl.at\/wp-content\/uploads\/2023\/03\/Hotel-Schandl_HQ_Birgit-Machtinger-394.jpg\" \/>\n\t<meta property=\"og:image:width\" content=\"1200\" \/>\n\t<meta property=\"og:image:height\" content=\"800\" \/>\n\t<meta property=\"og:image:type\" content=\"image\/jpeg\" \/>\n<meta name=\"twitter:card\" content=\"summary_large_image\" \/>\n<meta name=\"twitter:title\" content=\"Impressum | HOTEL SCHANDL ***S\" \/>\n<meta name=\"twitter:description\" content=\"The imprint &amp; contact details for the HOTEL SCHANDL ***S in Rust in Burgenland \u27a4 Book directly online now!\" \/>\n<meta name=\"twitter:image\" content=\"https:\/\/www.hotelschandl.at\/wp-content\/uploads\/2023\/03\/Hotel-Schandl_HQ_Birgit-Machtinger-394.jpg\" \/>\n<meta name=\"twitter:label1\" content=\"Est. reading time\" \/>\n\t<meta name=\"twitter:data1\" content=\"2 minutes\" \/>\n<script type=\"application\/ld+json\" class=\"yoast-schema-graph\">{\"@context\":\"https:\\\/\\\/schema.org\",\"@graph\":[{\"@type\":\"WebPage\",\"@id\":\"https:\\\/\\\/www.hotelschandl.at\\\/en\\\/imprint\\\/\",\"url\":\"https:\\\/\\\/www.hotelschandl.at\\\/en\\\/imprint\\\/\",\"name\":\"Imprint | HOTEL SCHANDL ***S\",\"isPartOf\":{\"@id\":\"\\\/#website\"},\"primaryImageOfPage\":{\"@id\":\"https:\\\/\\\/www.hotelschandl.at\\\/en\\\/imprint\\\/#primaryimage\"},\"image\":{\"@id\":\"https:\\\/\\\/www.hotelschandl.at\\\/en\\\/imprint\\\/#primaryimage\"},\"thumbnailUrl\":\"https:\\\/\\\/www.hotelschandl.at\\\/wp-content\\\/uploads\\\/2023\\\/06\\\/Hotel-Schandl_HQ_Birgit-Machtinger-390.jpg\",\"datePublished\":\"2021-09-17T11:48:25+00:00\",\"dateModified\":\"2024-08-02T16:02:21+00:00\",\"description\":\"The imprint & contact details for the HOTEL SCHANDL ***S in Rust in Burgenland \u27a4 Book directly online now!\",\"breadcrumb\":{\"@id\":\"https:\\\/\\\/www.hotelschandl.at\\\/en\\\/imprint\\\/#breadcrumb\"},\"inLanguage\":\"en-US\",\"potentialAction\":[{\"@type\":\"ReadAction\",\"target\":[\"https:\\\/\\\/www.hotelschandl.at\\\/en\\\/imprint\\\/\"]}]},{\"@type\":\"ImageObject\",\"inLanguage\":\"en-US\",\"@id\":\"https:\\\/\\\/www.hotelschandl.at\\\/en\\\/imprint\\\/#primaryimage\",\"url\":\"https:\\\/\\\/www.hotelschandl.at\\\/wp-content\\\/uploads\\\/2023\\\/06\\\/Hotel-Schandl_HQ_Birgit-Machtinger-390.jpg\",\"contentUrl\":\"https:\\\/\\\/www.hotelschandl.at\\\/wp-content\\\/uploads\\\/2023\\\/06\\\/Hotel-Schandl_HQ_Birgit-Machtinger-390.jpg\",\"width\":1800,\"height\":1201},{\"@type\":\"BreadcrumbList\",\"@id\":\"https:\\\/\\\/www.hotelschandl.at\\\/en\\\/imprint\\\/#breadcrumb\",\"itemListElement\":[{\"@type\":\"ListItem\",\"position\":1,\"name\":\"Startseite\",\"item\":\"http:\\\/\\\/www.hotelschandl.at\\\/en\\\/\"},{\"@type\":\"ListItem\",\"position\":2,\"name\":\"Imprint\"}]},{\"@type\":\"WebSite\",\"@id\":\"\\\/#website\",\"url\":\"\\\/\",\"name\":\"hotelschandl.at\",\"description\":\"\",\"potentialAction\":[{\"@type\":\"SearchAction\",\"target\":{\"@type\":\"EntryPoint\",\"urlTemplate\":\"\\\/?s={search_term_string}\"},\"query-input\":{\"@type\":\"PropertyValueSpecification\",\"valueRequired\":true,\"valueName\":\"search_term_string\"}}],\"inLanguage\":\"en-US\"}]}<\/script>\n<!-- \/ Yoast SEO plugin. -->","yoast_head_json":{"title":"Imprint | HOTEL SCHANDL ***S","description":"The imprint & contact details for the HOTEL SCHANDL ***S in Rust in Burgenland \u27a4 Book directly online now!","robots":{"index":"index","follow":"follow","max-snippet":"max-snippet:-1","max-image-preview":"max-image-preview:large","max-video-preview":"max-video-preview:-1"},"canonical":"https:\/\/www.hotelschandl.at\/en\/imprint\/","og_locale":"en_US","og_type":"article","og_title":"Impressum | HOTEL SCHANDL ***S","og_description":"The imprint & contact details for the HOTEL SCHANDL ***S in Rust in Burgenland \u27a4 Book directly online now!","og_url":"https:\/\/www.hotelschandl.at\/en\/imprint\/","og_site_name":"hotelschandl.at","article_modified_time":"2024-08-02T16:02:21+00:00","og_image":[{"width":1200,"height":800,"url":"http:\/\/www.hotelschandl.at\/wp-content\/uploads\/2023\/03\/Hotel-Schandl_HQ_Birgit-Machtinger-394.jpg","type":"image\/jpeg"}],"twitter_card":"summary_large_image","twitter_title":"Impressum | HOTEL SCHANDL ***S","twitter_description":"The imprint & contact details for the HOTEL SCHANDL ***S in Rust in Burgenland \u27a4 Book directly online now!","twitter_image":"https:\/\/www.hotelschandl.at\/wp-content\/uploads\/2023\/03\/Hotel-Schandl_HQ_Birgit-Machtinger-394.jpg","twitter_misc":{"Est. reading time":"2 minutes"},"schema":{"@context":"https:\/\/schema.org","@graph":[{"@type":"WebPage","@id":"https:\/\/www.hotelschandl.at\/en\/imprint\/","url":"https:\/\/www.hotelschandl.at\/en\/imprint\/","name":"Imprint | HOTEL SCHANDL ***S","isPartOf":{"@id":"\/#website"},"primaryImageOfPage":{"@id":"https:\/\/www.hotelschandl.at\/en\/imprint\/#primaryimage"},"image":{"@id":"https:\/\/www.hotelschandl.at\/en\/imprint\/#primaryimage"},"thumbnailUrl":"https:\/\/www.hotelschandl.at\/wp-content\/uploads\/2023\/06\/Hotel-Schandl_HQ_Birgit-Machtinger-390.jpg","datePublished":"2021-09-17T11:48:25+00:00","dateModified":"2024-08-02T16:02:21+00:00","description":"The imprint & contact details for the HOTEL SCHANDL ***S in Rust in Burgenland \u27a4 Book directly online now!","breadcrumb":{"@id":"https:\/\/www.hotelschandl.at\/en\/imprint\/#breadcrumb"},"inLanguage":"en-US","potentialAction":[{"@type":"ReadAction","target":["https:\/\/www.hotelschandl.at\/en\/imprint\/"]}]},{"@type":"ImageObject","inLanguage":"en-US","@id":"https:\/\/www.hotelschandl.at\/en\/imprint\/#primaryimage","url":"https:\/\/www.hotelschandl.at\/wp-content\/uploads\/2023\/06\/Hotel-Schandl_HQ_Birgit-Machtinger-390.jpg","contentUrl":"https:\/\/www.hotelschandl.at\/wp-content\/uploads\/2023\/06\/Hotel-Schandl_HQ_Birgit-Machtinger-390.jpg","width":1800,"height":1201},{"@type":"BreadcrumbList","@id":"https:\/\/www.hotelschandl.at\/en\/imprint\/#breadcrumb","itemListElement":[{"@type":"ListItem","position":1,"name":"Startseite","item":"http:\/\/www.hotelschandl.at\/en\/"},{"@type":"ListItem","position":2,"name":"Imprint"}]},{"@type":"WebSite","@id":"\/#website","url":"\/","name":"hotelschandl.at","description":"","potentialAction":[{"@type":"SearchAction","target":{"@type":"EntryPoint","urlTemplate":"\/?s={search_term_string}"},"query-input":{"@type":"PropertyValueSpecification","valueRequired":true,"valueName":"search_term_string"}}],"inLanguage":"en-US"}]}},"_links":{"self":[{"href":"https:\/\/www.hotelschandl.at\/en\/wp-json\/wp\/v2\/pages\/12295","targetHints":{"allow":["GET"]}}],"collection":[{"href":"https:\/\/www.hotelschandl.at\/en\/wp-json\/wp\/v2\/pages"}],"about":[{"href":"https:\/\/www.hotelschandl.at\/en\/wp-json\/wp\/v2\/types\/page"}],"author":[{"embeddable":true,"href":"https:\/\/www.hotelschandl.at\/en\/wp-json\/wp\/v2\/users\/18"}],"replies":[{"embeddable":true,"href":"https:\/\/www.hotelschandl.at\/en\/wp-json\/wp\/v2\/comments?post=12295"}],"version-history":[{"count":9,"href":"https:\/\/www.hotelschandl.at\/en\/wp-json\/wp\/v2\/pages\/12295\/revisions"}],"predecessor-version":[{"id":13757,"href":"https:\/\/www.hotelschandl.at\/en\/wp-json\/wp\/v2\/pages\/12295\/revisions\/13757"}],"wp:featuredmedia":[{"embeddable":true,"href":"https:\/\/www.hotelschandl.at\/en\/wp-json\/wp\/v2\/media\/12704"}],"wp:attachment":[{"href":"https:\/\/www.hotelschandl.at\/en\/wp-json\/wp\/v2\/media?parent=12295"}],"curies":[{"name":"wp","href":"https:\/\/api.w.org\/{rel}","templated":true}]}}